{"id":4668,"date":"2022-02-04T16:09:10","date_gmt":"2022-02-04T15:09:10","guid":{"rendered":"https:\/\/escale-noirmoutier.fr\/?page_id=4668"},"modified":"2022-10-26T14:50:30","modified_gmt":"2022-10-26T12:50:30","slug":"home","status":"publish","type":"page","link":"https:\/\/escale-noirmoutier.fr\/en\/","title":{"rendered":"Home"},"content":{"rendered":"<section class=\"wpb-content-wrapper\"><p>[vc_row][vc_column]\n\t\t\t<!-- START Slider EN REVOLUTION SLIDER 6.6.5 --><p class=\"rs-p-wp-fix\"><\/p>\n\t\t\t<rs-module-wrap id=\"rev_slider_1_1_wrapper\" data-source=\"gallery\" style=\"visibility:hidden;background:transparent;padding:0;margin:0px auto;margin-top:0;margin-bottom:0;\">\n\t\t\t\t<rs-module id=\"rev_slider_1_1\" style=\"\" data-version=\"6.6.5\">\n\t\t\t\t\t<rs-slides style=\"overflow: hidden; position: absolute;\">\n\t\t\t\t\t\t<rs-slide style=\"position: absolute;\" data-key=\"rs-1\" data-title=\"Slide\" data-anim=\"ms:1000;r:0;\" data-in=\"o:0;\" data-out=\"a:false;\">\n\t\t\t\t\t\t\t<img decoding=\"async\" src=\"\/\/escale-noirmoutier.fr\/wp-content\/plugins\/revslider\/public\/assets\/assets\/dummy.png\" alt=\"Vue sur la mer, \u00eele de Noirmoutier\" title=\"Vue sur la mer, \u00eele de Noirmoutier\" width=\"1364\" height=\"800\" class=\"rev-slidebg tp-rs-img rs-lazyload\" data-lazyload=\"\/\/escale-noirmoutier.fr\/wp-content\/uploads\/2022\/06\/ile-noirmoutier-vue-mer-escale.jpg\" data-no-retina>\n<!--\n\t\t\t\t\t\t\t--><h1\n\t\t\t\t\t\t\t\tid=\"slider-1-slide-1-layer-0\" \n\t\t\t\t\t\t\t\tclass=\"rs-layer\"\n\t\t\t\t\t\t\t\tdata-type=\"text\"\n\t\t\t\t\t\t\t\tdata-rsp_ch=\"on\"\n\t\t\t\t\t\t\t\tdata-xy=\"y:m,t,t,m;yo:-100px,200px,160px,-120px;\"\n\t\t\t\t\t\t\t\tdata-text=\"w:normal;s:62,62,50,39;l:72,68,62,50;fw:700;\"\n\t\t\t\t\t\t\t\tdata-dim=\"w:75%,100%,100%,100%;\"\n\t\t\t\t\t\t\t\tdata-wrpcls=\"text-slider\"\n\t\t\t\t\t\t\t\tdata-padding=\"r:0,40,40,20;l:0,40,40,20;\"\n\t\t\t\t\t\t\t\tdata-frame_999=\"o:0;st:w;\"\n\t\t\t\t\t\t\t\tstyle=\"z-index:5;font-family:'Playfair Display';\"\n\t\t\t\t\t\t\t>Welcome to l'escale,<br \/>\nOur tourist cottages in the heart of Noirmoutier \n\t\t\t\t\t\t\t<\/h1><!--\n-->\t\t\t\t\t\t<\/rs-slide>\n\t\t\t\t\t\t<rs-slide style=\"position: absolute;\" data-key=\"rs-2\" data-title=\"Slide\" data-in=\"o:0;\" data-out=\"a:false;\">\n\t\t\t\t\t\t\t<img decoding=\"async\" src=\"\/\/escale-noirmoutier.fr\/wp-content\/plugins\/revslider\/public\/assets\/assets\/dummy.png\" alt=\"\" title=\"passage-gois-noirmoutier-escale-hebergement\" width=\"1614\" height=\"800\" class=\"rev-slidebg tp-rs-img rs-lazyload\" data-lazyload=\"\/\/escale-noirmoutier.fr\/wp-content\/uploads\/2022\/11\/passage-gois-noirmoutier-escale-hebergement.jpg\" data-no-retina>\n<!--\n\t\t\t\t\t\t\t--><h1\n\t\t\t\t\t\t\t\tid=\"slider-1-slide-2-layer-0\" \n\t\t\t\t\t\t\t\tclass=\"rs-layer\"\n\t\t\t\t\t\t\t\tdata-type=\"text\"\n\t\t\t\t\t\t\t\tdata-rsp_ch=\"on\"\n\t\t\t\t\t\t\t\tdata-xy=\"y:m,t,t,m;yo:-100px,200px,160px,-120px;\"\n\t\t\t\t\t\t\t\tdata-text=\"w:normal;s:62,62,50,39;l:72,68,62,50;fw:700;\"\n\t\t\t\t\t\t\t\tdata-dim=\"w:75%,100%,100%,100%;\"\n\t\t\t\t\t\t\t\tdata-wrpcls=\"text-slider\"\n\t\t\t\t\t\t\t\tdata-padding=\"r:0,40,40,20;l:0,40,40,20;\"\n\t\t\t\t\t\t\t\tdata-frame_999=\"o:0;st:w;\"\n\t\t\t\t\t\t\t\tstyle=\"z-index:5;font-family:'Playfair Display';\"\n\t\t\t\t\t\t\t>Welcome to l'escale,<br \/>\nOur tourist cottages in the heart of Noirmoutier \n\t\t\t\t\t\t\t<\/h1><!--\n-->\t\t\t\t\t\t<\/rs-slide>\n\t\t\t\t\t\t<rs-slide style=\"position: absolute;\" data-key=\"rs-3\" data-title=\"Slide\" data-anim=\"ms:1000;r:0;\" data-in=\"o:0;\" data-out=\"a:false;\">\n\t\t\t\t\t\t\t<img decoding=\"async\" src=\"\/\/escale-noirmoutier.fr\/wp-content\/plugins\/revslider\/public\/assets\/assets\/dummy.png\" alt=\"\" class=\"rev-slidebg tp-rs-img rs-lazyload\" data-lazyload=\"\/\/escale-noirmoutier.fr\/wp-content\/uploads\/2022\/07\/escale-noirmoutier-logements-vue-exterieure.jpg\" data-no-retina>\n<!--\n\t\t\t\t\t\t\t--><h1\n\t\t\t\t\t\t\t\tid=\"slider-1-slide-3-layer-0\" \n\t\t\t\t\t\t\t\tclass=\"rs-layer\"\n\t\t\t\t\t\t\t\tdata-type=\"text\"\n\t\t\t\t\t\t\t\tdata-rsp_ch=\"on\"\n\t\t\t\t\t\t\t\tdata-xy=\"y:m,t,t,m;yo:-100px,200px,160px,-120px;\"\n\t\t\t\t\t\t\t\tdata-text=\"w:normal;s:62,62,50,39;l:72,68,62,50;fw:700;\"\n\t\t\t\t\t\t\t\tdata-dim=\"w:75%,100%,100%,100%;\"\n\t\t\t\t\t\t\t\tdata-wrpcls=\"text-slider\"\n\t\t\t\t\t\t\t\tdata-padding=\"r:0,40,40,20;l:0,40,40,20;\"\n\t\t\t\t\t\t\t\tdata-frame_999=\"o:0;st:w;\"\n\t\t\t\t\t\t\t\tstyle=\"z-index:5;font-family:'Playfair Display';\"\n\t\t\t\t\t\t\t>Welcome to l'escale,<br \/>\nOur tourist cottages in the heart of Noirmoutier \n\t\t\t\t\t\t\t<\/h1><!--\n-->\t\t\t\t\t\t<\/rs-slide>\n\t\t\t\t\t<\/rs-slides>\n\t\t\t\t<\/rs-module>\n\t\t\t\t<script>\n\t\t\t\t\tsetREVStartSize({c: 'rev_slider_1_1',rl:[1240,1024,778,480],el:[950,768,960,720],gw:[1240,1024,778,480],gh:[950,768,960,720],type:'standard',justify:'',layout:'fullwidth',mh:\"0\"});if (window.RS_MODULES!==undefined && window.RS_MODULES.modules!==undefined && window.RS_MODULES.modules[\"revslider11\"]!==undefined) {window.RS_MODULES.modules[\"revslider11\"].once = false;window.revapi1 = undefined;if (window.RS_MODULES.checkMinimal!==undefined) window.RS_MODULES.checkMinimal()}\n\t\t\t\t<\/script>\n\t\t\t<\/rs-module-wrap>\n\t\t\t<!-- END REVOLUTION SLIDER -->\n[\/vc_column][\/vc_row][vc_row full_width=&#8221;stretch_row&#8221; el_class=&#8221;formulaire-recherche&#8221;][vc_column][vc_raw_html css=&#8221;.vc_custom_1663662481326{margin-bottom: 0px !important;}&#8221;]JTNDcCUyMGNsYXNzJTNEJTIybXBoYl9jYXBhY2l0eV9jb250YWN0LXVzJTIyJTNFSWYlMjB5b3UlMjB3YW50JTIwdG8lMjBib29rJTIwb3VyJTIwbG9kZ2luZ3MlMjBmb3IlMjBtb3JlJTIwdGhhbiUyMDE1JTIwcGVvcGxlJTJDJTIwJTNDYSUyMGhyZWYlM0QlMjJodHRwcyUzQSUyRiUyRmVzY2FsaWVyLW5vaXJtb3V0aWVyLmZyJTJGZW4lMkZjb250YWN0JTIyJTNFcGxlYXNlJTIwY29udGFjdCUyMHVzJTIwJTIxJTNDJTJGYSUzRSUzQyUyRnAlM0U=[\/vc_raw_html][vc_column_text]<div class=\"mphb_sc_search-wrapper \"><form method=\"GET\" class=\"mphb_sc_search-form\" action=\"https:\/\/escale-noirmoutier.fr\/en\/search-results\/\">\r\n\r\n\t<p class = \"mphb-required-fields-tip\">\r\n\t<small>\r\n\t\tRequired fields are followed by\t\t<abbr title=\"required\">*<\/abbr>\r\n\t<\/small>\r\n<\/p>\r\n\t<p class=\"mphb_sc_search-check-in-date\">\r\n\t\t<label for=\"mphb_check_in_date-mphb-search-form-69e31eb2e700d\">\r\n\t\t\tCheck-in\t\t\t<abbr title=\"Formatted as dd\/mm\/yyyy\">*<\/abbr>\r\n\t\t<\/label>\r\n\t\t<br \/>\r\n\t\t<input\r\n\t\t\tid=\"mphb_check_in_date-mphb-search-form-69e31eb2e700d\"\r\n\t\t\tdata-datepick-group=\"mphb-search-form-69e31eb2e700d\"\r\n\t\t\tvalue=\"\"\r\n\t\t\tplaceholder=\"Check-in Date\"\r\n\t\t\trequired=\"required\"\r\n\t\t\ttype=\"text\"\r\n\t\t\tname=\"mphb_check_in_date\"\r\n\t\t\tclass=\"mphb-datepick\"\r\n\t\t\tautocomplete=\"off\"\r\n\t\t\t\/>\r\n\t<\/p>\r\n\r\n\t<p class=\"mphb_sc_search-check-out-date\">\r\n\t\t<label for=\"mphb_check_out_date-mphb-search-form-69e31eb2e700d\">\r\n\t\t\tCheck-out\t\t\t<abbr title=\"Formatted as dd\/mm\/yyyy\">*<\/abbr>\r\n\t\t<\/label>\r\n\t\t<br \/>\r\n\t\t<input\r\n\t\t\tid=\"mphb_check_out_date-mphb-search-form-69e31eb2e700d\"\r\n\t\t\tdata-datepick-group=\"mphb-search-form-69e31eb2e700d\"\r\n\t\t\tvalue=\"\"\r\n\t\t\tplaceholder=\"Check-out Date\"\r\n\t\t\trequired=\"required\"\r\n\t\t\ttype=\"text\"\r\n\t\t\tname=\"mphb_check_out_date\"\r\n\t\t\tclass=\"mphb-datepick\"\r\n\t\t\tautocomplete=\"off\"\r\n\t\t\t\/>\r\n\t<\/p>\r\n\r\n\t\t\t<input type=\"hidden\" id=\"mphb_adults-mphb-search-form-69e31eb2e700d\" name=\"mphb_adults\" value=\"1\" \/>\r\n\t\r\n\t\t\t<input type=\"hidden\" id=\"mphb_children-mphb-search-form-69e31eb2e700d\" name=\"mphb_children\" value=\"0\" \/>\r\n\t\r\n\t\r\n\t\t\t<p class=\"mphb_sc_search-nombre-de-personnes\">\r\n\t\t\t<label for=\"mphb_nombre-de-personnes-mphb-search-form-69e31eb2e700d\">\r\n\t\t\t\tNumber of persons\t\t\t<\/label>\r\n\t\t\t<br \/>\r\n\t\t\t<select id=\"mphb_nombre-de-personnes-mphb-search-form-69e31eb2e700d\" name=\"mphb_attributes[nombre-de-personnes]\">\r\n\t\t\t\t<option value=\"\">\u2014<\/option>\r\n\t\t\t\t\t\t\t\t\t<option value=\"163\">1<\/option>\r\n\t\t\t\t\t\t\t\t\t<option value=\"164\">2<\/option>\r\n\t\t\t\t\t\t\t\t\t<option value=\"165\">3<\/option>\r\n\t\t\t\t\t\t\t\t\t<option value=\"166\">4<\/option>\r\n\t\t\t\t\t\t\t\t\t<option value=\"167\">5<\/option>\r\n\t\t\t\t\t\t\t\t\t<option value=\"168\">6<\/option>\r\n\t\t\t\t\t\t\t\t\t<option value=\"169\">7<\/option>\r\n\t\t\t\t\t\t\t\t\t<option value=\"170\">8<\/option>\r\n\t\t\t\t\t\t\t\t\t<option value=\"171\">9<\/option>\r\n\t\t\t\t\t\t\t\t\t<option value=\"172\">10<\/option>\r\n\t\t\t\t\t\t\t\t\t<option value=\"173\">11<\/option>\r\n\t\t\t\t\t\t\t\t\t<option value=\"174\">12<\/option>\r\n\t\t\t\t\t\t\t<\/select>\r\n\t\t<\/p>\r\n\t\r\n\t<input id=\"mphb_check_in_date-mphb-search-form-69e31eb2e700d-hidden\" value=\"\" type=\"hidden\" name=\"mphb_check_in_date\" \/><input id=\"mphb_check_out_date-mphb-search-form-69e31eb2e700d-hidden\" value=\"\" type=\"hidden\" name=\"mphb_check_out_date\" \/>\r\n\t<p class=\"mphb_sc_search-submit-button-wrapper\">\r\n\t\t<input type=\"submit\" class=\"button\" value=\"Search\"\/>\r\n\t<\/p>\r\n\r\n\t\r\n<\/form><\/div>[\/vc_column_text][\/vc_column][\/vc_row][vc_row equal_height=&#8221;yes&#8221; content_placement=&#8221;middle&#8221; css=&#8221;.vc_custom_1643992228853{padding-top: 4em !important;padding-bottom: 4em !important;}&#8221;][vc_column width=&#8221;1\/2&#8243;][vc_column_text el_class=&#8221;chapeau&#8221;]Tourist\u00a0cottages in Noirmoutier[\/vc_column_text][vc_column_text]<\/p>\n<h2>Enjoy a comfortable stay<\/h2>\n<p>[\/vc_column_text][vc_column_text]<\/p>\n<div>At l&#8217;Escale, we welcome you all year in new or renovated houses, for 4, 6, or 11 people that we wanted in the pure &#8220;noirmoutrine&#8221; tradition, immaculate white with blue shutters.<\/div>\n<p>[\/vc_column_text][vc_btn title=&#8221;Learn more&#8221; link=&#8221;url:https%3A%2F%2Fescale-noirmoutier.fr%2Fen%2Fabout-us%2F|title:Qui%20sommes-nous%20%3F&#8221; el_class=&#8221;btn-bleu&#8221;][\/vc_column][vc_column width=&#8221;1\/2&#8243;][vc_single_image image=&#8221;782&#8243; img_size=&#8221;full&#8221; alignment=&#8221;center&#8221; el_class=&#8221;img-sejour&#8221;][\/vc_column][\/vc_row][vc_row full_width=&#8221;stretch_row_content&#8221; equal_height=&#8221;yes&#8221; content_placement=&#8221;middle&#8221; css=&#8221;.vc_custom_1653060675641{margin-bottom: 12em !important;padding-top: 6em !important;padding-bottom: 6em !important;}&#8221; el_class=&#8221;row-home row-bleu-clair row-capacite&#8221;][vc_column width=&#8221;1\/2&#8243; css=&#8221;.vc_custom_1647016955567{padding-right: 2em !important;padding-left: 0px !important;}&#8221;][vc_single_image image=&#8221;4571&#8243; img_size=&#8221;full&#8221; css_animation=&#8221;fadeInLeft&#8221; el_class=&#8221;image-capacite&#8221; css=&#8221;.vc_custom_1663666484068{padding-left: 0px !important;}&#8221;][\/vc_column][vc_column width=&#8221;1\/2&#8243;][vc_column_text css=&#8221;.vc_custom_1663662690356{margin-bottom: 0px !important;}&#8221;]<\/p>\n<h2>A large accommodation capacity<\/h2>\n<p>[\/vc_column_text][vc_column_text css=&#8221;.vc_custom_1663662734377{margin-bottom: 0px !important;}&#8221;]You will enjoy luxury villas carefully decorated with private gardens where the first rays of the sun will illuminate flower beds, landscaped with passion. The total accommodation capacity is 27 beds, making it a great gathering place with family or friends.[\/vc_column_text][\/vc_column][\/vc_row][vc_row full_width=&#8221;stretch_row&#8221; el_class=&#8221;row-home colored-row&#8221; css=&#8221;.vc_custom_1647017308413{margin-bottom: 6em !important;padding-top: 6em !important;padding-bottom: 6em !important;}&#8221;][vc_column width=&#8221;1\/3&#8243;][vc_column_text css=&#8221;.vc_custom_1663662771480{margin-bottom: 0px !important;}&#8221;]<\/p>\n<h2>An exceptional <span class=\"break\">setting<\/span><\/h2>\n<p>[\/vc_column_text][vc_column_text css=&#8221;.vc_custom_1663662810597{margin-bottom: 0px !important;}&#8221;]Located a stone&#8217;s throw from the castle, you can go to the market with all its good local products but also, if you feel like it, stroll in the wood of La Chaise planted with centuries-old trees bordering magnificent beaches: Souzeaux, Dames, Anse Rouge, Sableaux&#8230;[\/vc_column_text][\/vc_column][vc_column width=&#8221;2\/3&#8243;][vc_row_inner el_class=&#8221;bloc-images&#8221;][vc_column_inner width=&#8221;1\/2&#8243;][vc_single_image image=&#8221;4604&#8243; img_size=&#8221;full&#8221; css_animation=&#8221;fadeInUp&#8221;][\/vc_column_inner][vc_column_inner width=&#8221;1\/2&#8243;][vc_single_image image=&#8221;4593&#8243; img_size=&#8221;full&#8221; css_animation=&#8221;fadeInDown&#8221;][\/vc_column_inner][\/vc_row_inner][\/vc_column][\/vc_row][vc_row full_width=&#8221;stretch_row&#8221; el_class=&#8221;row-home row-bleu-clair row-velo&#8221; css=&#8221;.vc_custom_1652962904332{margin-top: 2em !important;margin-bottom: 4em !important;padding-top: 6em !important;padding-bottom: 6em !important;}&#8221;][vc_column width=&#8221;1\/3&#8243;][vc_single_image image=&#8221;4601&#8243; img_size=&#8221;full&#8221; css_animation=&#8221;fadeInLeft&#8221; el_class=&#8221;image-velo&#8221;][\/vc_column][vc_column width=&#8221;2\/3&#8243;][vc_row_inner][vc_column_inner][vc_column_text css=&#8221;.vc_custom_1663662844326{margin-bottom: 0px !important;}&#8221;]<\/p>\n<h2>Everything on foot&#8230;<span class=\"break\">&#8230; or by bike !<\/span><\/h2>\n<p>[\/vc_column_text][vc_column_text css=&#8221;.vc_custom_1663662868828{margin-bottom: 0px !important;}&#8221;]On foot, by bike and even by little train, you will savor the villages, the flowery alleys, accompanied by flocks of birds and always this omnipresent sea, alive, animated by all kinds of boats&#8230;<\/p>\n<p>Welcome to this beautiful island of Noirmoutier, natural and generous![\/vc_column_text][\/vc_column_inner][\/vc_row_inner][\/vc_column][\/vc_row][vc_row css=&#8221;.vc_custom_1647008838236{margin-top: 4em !important;margin-bottom: 4em !important;padding-top: 2em !important;padding-bottom: 2em !important;}&#8221; el_class=&#8221;services-avantages&#8221;][vc_column][vc_column_text]<\/p>\n<h2 style=\"text-align: center;\">Services &amp; advantages<\/h2>\n<p>[\/vc_column_text][vc_row_inner el_class=&#8221;pictos-services&#8221;][vc_column_inner width=&#8221;1\/6&#8243;][vc_single_image image=&#8221;4559&#8243; img_size=&#8221;full&#8221; alignment=&#8221;center&#8221; css=&#8221;.vc_custom_1663666517563{margin-bottom: 0px !important;}&#8221;][vc_column_text css=&#8221;.vc_custom_1663662906528{margin-bottom: 0px !important;}&#8221;]<\/p>\n<h3>A qualitative welcome<\/h3>\n<p>[\/vc_column_text][vc_column_text]We reserve you a warm welcome in our comfortable accommodation ![\/vc_column_text][\/vc_column_inner][vc_column_inner width=&#8221;1\/6&#8243;][vc_single_image image=&#8221;113&#8243; img_size=&#8221;full&#8221; alignment=&#8221;center&#8221; css=&#8221;.vc_custom_1663666524032{margin-bottom: 0px !important;}&#8221;][vc_column_text css=&#8221;.vc_custom_1663662918667{margin-bottom: 0px !important;}&#8221;]<\/p>\n<h3>Free WI-FI access<\/h3>\n<p>[\/vc_column_text][vc_column_text]All our accommodations have free internet access.[\/vc_column_text][\/vc_column_inner][vc_column_inner width=&#8221;1\/6&#8243;][vc_single_image image=&#8221;112&#8243; img_size=&#8221;full&#8221; alignment=&#8221;center&#8221; css=&#8221;.vc_custom_1663666530588{margin-bottom: 0px !important;}&#8221;][vc_column_text css=&#8221;.vc_custom_1663662929737{margin-bottom: 0px !important;}&#8221;]<\/p>\n<h3>Early check-in<\/h3>\n<p>[\/vc_column_text][vc_column_text]Reservation possible online or by phone to save time on arrival.[\/vc_column_text][\/vc_column_inner][vc_column_inner width=&#8221;1\/6&#8243;][vc_single_image image=&#8221;111&#8243; img_size=&#8221;full&#8221; alignment=&#8221;center&#8221; css=&#8221;.vc_custom_1663666537237{margin-bottom: 0px !important;}&#8221;][vc_column_text css=&#8221;.vc_custom_1663662940166{margin-bottom: 0px !important;}&#8221;]<\/p>\n<h3>Accommodation capacity<\/h3>\n<p>[\/vc_column_text][vc_column_text]Several bedrooms per accommodation to accommodate larger or smaller families.[\/vc_column_text][\/vc_column_inner][vc_column_inner width=&#8221;1\/6&#8243;][vc_single_image image=&#8221;4555&#8243; img_size=&#8221;full&#8221; alignment=&#8221;center&#8221; css=&#8221;.vc_custom_1663666543492{margin-bottom: 0px !important;}&#8221;][vc_column_text css=&#8221;.vc_custom_1663662951428{margin-bottom: 0px !important;}&#8221;]<\/p>\n<h3>Bath towels provided<\/h3>\n<p>[\/vc_column_text][vc_column_text]Bed linen and towels provided on your arrival in the accommodation.[\/vc_column_text][\/vc_column_inner][vc_column_inner width=&#8221;1\/6&#8243;][vc_single_image image=&#8221;4554&#8243; img_size=&#8221;full&#8221; alignment=&#8221;center&#8221; css=&#8221;.vc_custom_1663666549492{margin-bottom: 0px !important;}&#8221;][vc_column_text css=&#8221;.vc_custom_1663662965096{margin-bottom: 0px !important;}&#8221;]<\/p>\n<h3>Cleaning included<\/h3>\n<p>[\/vc_column_text][vc_column_text]The cleaning of the accommodation is included in the amount of your reservation.[\/vc_column_text][\/vc_column_inner][\/vc_row_inner][\/vc_column][\/vc_row]<\/p>\n<\/section>","protected":false},"excerpt":{"rendered":"<p>[vc_row][vc_column][\/vc_column][\/vc_row][vc_row full_width=&#8221;stretch_row&#8221; el_class=&#8221;formulaire-recherche&#8221;][vc_column][vc_raw_html css=&#8221;.vc_custom_1663662481326{margin-bottom: 0px !important;}&#8221;]JTNDcCUyMGNsYXNzJTNEJTIybXBoYl9jYXBhY2l0eV9jb250YWN0LXVzJTIyJTNFSWYlMjB5b3UlMjB3YW50JTIwdG8lMjBib29rJTIwb3VyJTIwbG9kZ2luZ3MlMjBmb3IlMjBtb3JlJTIwdGhhbiUyMDE1JTIwcGVvcGxlJTJDJTIwJTNDYSUyMGhyZWYlM0QlMjJodHRwcyUzQSUyRiUyRmVzY2FsaWVyLW5vaXJtb3V0aWVyLmZyJTJGZW4lMkZjb250YWN0JTIyJTNFcGxlYXNlJTIwY29udGFjdCUyMHVzJTIwJTIxJTNDJTJGYSUzRSUzQyUyRnAlM0U=[\/vc_raw_html][vc_column_text][\/vc_column_text][\/vc_column][\/vc_row][vc_row equal_height=&#8221;yes&#8221; content_placement=&#8221;middle&#8221; css=&#8221;.vc_custom_1643992228853{padding-top: 4em !important;padding-bottom: 4em !important;}&#8221;][vc_column width=&#8221;1\/2&#8243;][vc_column_text el_class=&#8221;chapeau&#8221;]Tourist\u00a0cottages in Noirmoutier[\/vc_column_text][vc_column_text] Enjoy a comfortable stay [\/vc_column_text][vc_column_text] At l&#8217;Escale, we welcome you all year in new or renovated houses, for 4, 6, or 11 people that we wanted in the pure &#8220;noirmoutrine&#8221; tradition, immaculate white with blue shutters. [\/vc_column_text][vc_btn title=&#8221;Learn [&hellip;]<\/p>\n","protected":false},"author":1,"featured_media":0,"parent":0,"menu_order":0,"comment_status":"closed","ping_status":"closed","template":"","meta":{"footnotes":""},"class_list":["post-4668","page","type-page","status-publish","hentry"],"acf":[],"yoast_head":"<!-- This site is optimized with the Yoast SEO plugin v24.0 - https:\/\/yoast.com\/wordpress\/plugins\/seo\/ -->\n<title>L&#039;Escale, g\u00eetes touristiques en plein c\u0153ur de Noirmoutier<\/title>\n<meta name=\"description\" content=\"Situ\u00e9s \u00e0 deux pas du ch\u00e2teau, nous vous accueillons toute l&#039;ann\u00e9e dans des maisons neuves ou r\u00e9nov\u00e9es dans la pure tradition de l&#039;Ile-de-Noirmoutier. R\u00e9servation en ligne ou par t\u00e9l\u00e9phone.\" \/>\n<meta name=\"robots\" content=\"index, follow, max-snippet:-1, max-image-preview:large, max-video-preview:-1\" \/>\n<link rel=\"canonical\" href=\"https:\/\/escale-noirmoutier.fr\/home\/?lang=en\" \/>\n<meta property=\"og:locale\" content=\"en_US\" \/>\n<meta property=\"og:type\" content=\"article\" \/>\n<meta property=\"og:title\" content=\"L&#039;Escale, g\u00eetes touristiques en plein c\u0153ur de Noirmoutier\" \/>\n<meta property=\"og:description\" content=\"Situ\u00e9s \u00e0 deux pas du ch\u00e2teau, nous vous accueillons toute l&#039;ann\u00e9e dans des maisons neuves ou r\u00e9nov\u00e9es dans la pure tradition de l&#039;Ile-de-Noirmoutier. R\u00e9servation en ligne ou par t\u00e9l\u00e9phone.\" \/>\n<meta property=\"og:url\" content=\"https:\/\/escale-noirmoutier.fr\/home\/?lang=en\" \/>\n<meta property=\"og:site_name\" content=\"Escale \u00e0 Noirmoutier\" \/>\n<meta property=\"article:modified_time\" content=\"2022-10-26T12:50:30+00:00\" \/>\n<meta name=\"twitter:card\" content=\"summary_large_image\" \/>\n<meta name=\"twitter:label1\" content=\"Est. reading time\" \/>\n\t<meta name=\"twitter:data1\" content=\"3 minutes\" \/>\n<script type=\"application\/ld+json\" class=\"yoast-schema-graph\">{\"@context\":\"https:\/\/schema.org\",\"@graph\":[{\"@type\":\"WebPage\",\"@id\":\"https:\/\/escale-noirmoutier.fr\/home\/?lang=en\",\"url\":\"https:\/\/escale-noirmoutier.fr\/home\/?lang=en\",\"name\":\"L'Escale, g\u00eetes touristiques en plein c\u0153ur de Noirmoutier\",\"isPartOf\":{\"@id\":\"https:\/\/escale-noirmoutier.fr\/#website\"},\"datePublished\":\"2022-02-04T15:09:10+00:00\",\"dateModified\":\"2022-10-26T12:50:30+00:00\",\"description\":\"Situ\u00e9s \u00e0 deux pas du ch\u00e2teau, nous vous accueillons toute l'ann\u00e9e dans des maisons neuves ou r\u00e9nov\u00e9es dans la pure tradition de l'Ile-de-Noirmoutier. R\u00e9servation en ligne ou par t\u00e9l\u00e9phone.\",\"breadcrumb\":{\"@id\":\"https:\/\/escale-noirmoutier.fr\/home\/?lang=en#breadcrumb\"},\"inLanguage\":\"en-US\",\"potentialAction\":[{\"@type\":\"ReadAction\",\"target\":[\"https:\/\/escale-noirmoutier.fr\/home\/?lang=en\"]}]},{\"@type\":\"BreadcrumbList\",\"@id\":\"https:\/\/escale-noirmoutier.fr\/home\/?lang=en#breadcrumb\",\"itemListElement\":[{\"@type\":\"ListItem\",\"position\":1,\"name\":\"Accueil\",\"item\":\"https:\/\/escale-noirmoutier.fr\/home\/?lang=en\"},{\"@type\":\"ListItem\",\"position\":2,\"name\":\"Home\"}]},{\"@type\":\"WebSite\",\"@id\":\"https:\/\/escale-noirmoutier.fr\/#website\",\"url\":\"https:\/\/escale-noirmoutier.fr\/\",\"name\":\"Escale \u00e0 Noirmoutier\",\"description\":\"G\u00eete touristique sur l&#039;ile de Noirmoutier\",\"potentialAction\":[{\"@type\":\"SearchAction\",\"target\":{\"@type\":\"EntryPoint\",\"urlTemplate\":\"https:\/\/escale-noirmoutier.fr\/?s={search_term_string}\"},\"query-input\":{\"@type\":\"PropertyValueSpecification\",\"valueRequired\":true,\"valueName\":\"search_term_string\"}}],\"inLanguage\":\"en-US\"}]}<\/script>\n<!-- \/ Yoast SEO plugin. -->","yoast_head_json":{"title":"L'Escale, g\u00eetes touristiques en plein c\u0153ur de Noirmoutier","description":"Situ\u00e9s \u00e0 deux pas du ch\u00e2teau, nous vous accueillons toute l'ann\u00e9e dans des maisons neuves ou r\u00e9nov\u00e9es dans la pure tradition de l'Ile-de-Noirmoutier. R\u00e9servation en ligne ou par t\u00e9l\u00e9phone.","robots":{"index":"index","follow":"follow","max-snippet":"max-snippet:-1","max-image-preview":"max-image-preview:large","max-video-preview":"max-video-preview:-1"},"canonical":"https:\/\/escale-noirmoutier.fr\/home\/?lang=en","og_locale":"en_US","og_type":"article","og_title":"L'Escale, g\u00eetes touristiques en plein c\u0153ur de Noirmoutier","og_description":"Situ\u00e9s \u00e0 deux pas du ch\u00e2teau, nous vous accueillons toute l'ann\u00e9e dans des maisons neuves ou r\u00e9nov\u00e9es dans la pure tradition de l'Ile-de-Noirmoutier. R\u00e9servation en ligne ou par t\u00e9l\u00e9phone.","og_url":"https:\/\/escale-noirmoutier.fr\/home\/?lang=en","og_site_name":"Escale \u00e0 Noirmoutier","article_modified_time":"2022-10-26T12:50:30+00:00","twitter_card":"summary_large_image","twitter_misc":{"Est. reading time":"3 minutes"},"schema":{"@context":"https:\/\/schema.org","@graph":[{"@type":"WebPage","@id":"https:\/\/escale-noirmoutier.fr\/home\/?lang=en","url":"https:\/\/escale-noirmoutier.fr\/home\/?lang=en","name":"L'Escale, g\u00eetes touristiques en plein c\u0153ur de Noirmoutier","isPartOf":{"@id":"https:\/\/escale-noirmoutier.fr\/#website"},"datePublished":"2022-02-04T15:09:10+00:00","dateModified":"2022-10-26T12:50:30+00:00","description":"Situ\u00e9s \u00e0 deux pas du ch\u00e2teau, nous vous accueillons toute l'ann\u00e9e dans des maisons neuves ou r\u00e9nov\u00e9es dans la pure tradition de l'Ile-de-Noirmoutier. R\u00e9servation en ligne ou par t\u00e9l\u00e9phone.","breadcrumb":{"@id":"https:\/\/escale-noirmoutier.fr\/home\/?lang=en#breadcrumb"},"inLanguage":"en-US","potentialAction":[{"@type":"ReadAction","target":["https:\/\/escale-noirmoutier.fr\/home\/?lang=en"]}]},{"@type":"BreadcrumbList","@id":"https:\/\/escale-noirmoutier.fr\/home\/?lang=en#breadcrumb","itemListElement":[{"@type":"ListItem","position":1,"name":"Accueil","item":"https:\/\/escale-noirmoutier.fr\/home\/?lang=en"},{"@type":"ListItem","position":2,"name":"Home"}]},{"@type":"WebSite","@id":"https:\/\/escale-noirmoutier.fr\/#website","url":"https:\/\/escale-noirmoutier.fr\/","name":"Escale \u00e0 Noirmoutier","description":"G\u00eete touristique sur l&#039;ile de Noirmoutier","potentialAction":[{"@type":"SearchAction","target":{"@type":"EntryPoint","urlTemplate":"https:\/\/escale-noirmoutier.fr\/?s={search_term_string}"},"query-input":{"@type":"PropertyValueSpecification","valueRequired":true,"valueName":"search_term_string"}}],"inLanguage":"en-US"}]}},"_links":{"self":[{"href":"https:\/\/escale-noirmoutier.fr\/en\/wp-json\/wp\/v2\/pages\/4668","targetHints":{"allow":["GET"]}}],"collection":[{"href":"https:\/\/escale-noirmoutier.fr\/en\/wp-json\/wp\/v2\/pages"}],"about":[{"href":"https:\/\/escale-noirmoutier.fr\/en\/wp-json\/wp\/v2\/types\/page"}],"author":[{"embeddable":true,"href":"https:\/\/escale-noirmoutier.fr\/en\/wp-json\/wp\/v2\/users\/1"}],"replies":[{"embeddable":true,"href":"https:\/\/escale-noirmoutier.fr\/en\/wp-json\/wp\/v2\/comments?post=4668"}],"version-history":[{"count":6,"href":"https:\/\/escale-noirmoutier.fr\/en\/wp-json\/wp\/v2\/pages\/4668\/revisions"}],"predecessor-version":[{"id":4907,"href":"https:\/\/escale-noirmoutier.fr\/en\/wp-json\/wp\/v2\/pages\/4668\/revisions\/4907"}],"wp:attachment":[{"href":"https:\/\/escale-noirmoutier.fr\/en\/wp-json\/wp\/v2\/media?parent=4668"}],"curies":[{"name":"wp","href":"https:\/\/api.w.org\/{rel}","templated":true}]}}